{"id":6772,"date":"2020-02-13T19:58:10","date_gmt":"2020-02-13T18:58:10","guid":{"rendered":"https:\/\/www.pomp-hocker.de\/payment-options\/"},"modified":"2020-02-13T19:59:11","modified_gmt":"2020-02-13T18:59:11","slug":"payment-options","status":"publish","type":"page","link":"https:\/\/www.pomp-hocker.de\/en\/payment-options\/","title":{"rendered":"Payment"},"content":{"rendered":"<h1>Zahlungsarten<\/h1>\r\n<p>Wir akzeptieren<\/p>\r\n<ul>\r\n<li>Vorkasse, PayPal, Sofort bezahlen, Rechnung (aktuell nur f\u00fcr registrierte Gewerbekunden) innerhalb Deutschland.<\/li>\r\n<\/ul>\r\n<p><strong><br \/>Sofort bezahlen<\/strong> &#8211; Einfach sicher zahlen<br \/>Mit dem T\u00dcV-zertifiziertem Bezahlsystem Sofort. k\u00f6nnen Sie dank PIN &amp; TAN, ohne Registrierung, einfach und sicher mit Ihren gewohnten Online-Banking-Daten zahlen.<\/p>\r\n<p>Einfach<\/p>\r\n<ul>\r\n<li>Kinderleichtes Handling &#8211; ohne Registrierung<\/li>\r\n<li>Schneller &#8211; sofortiger Versand bei Lagerware<\/li>\r\n<\/ul>\r\n<p>Sicher<\/p>\r\n<ul>\r\n<li>Zahlung mit Ihren gewohnten Online-Banking-Daten (PIN &amp; TAN)<\/li>\r\n<li>T\u00dcV-zertifiziertes, innovatives Bezahlsystem<\/li>\r\n<\/ul>\r\n<p>Zahlen<\/p>\r\n<ul>\r\n<li>Sofort. Einfach sicher zahlen.<\/li>\r\n<li>Jetzt online zahlen neu entdecken.<\/li>\r\n<\/ul>\r\n<p><strong><br \/>PayPal<\/strong> ist der Online-Zahlungsservice, mit dem Sie in Online-Shops sicher, einfach und schnell bezahlen \u2013 und das kostenlos. Die Sofort-Zahlart PayPal-Express steht nur zur Verf\u00fcgung, bis Sie im Shop Ihre Anschrift hinterlegt oder ein Kundenkonto anlegt haben.<\/p>\r\n<ul>\r\n<li>Sicher: Ihre Bank- oder Kreditkartendaten sind nur bei PayPal hinterlegt. Deshalb werden sie nicht bei jedem Online-Einkauf erneut \u00fcbers Internet gesendet.<\/li>\r\n<li>Einfach: Sie bezahlen mit zwei Klicks. Denn Sie greifen auf Ihre bei PayPal hinterlegten Bank- oder Kreditkartendaten zur\u00fcck, anstatt sie bei jedem Kauf wieder einzugeben.<\/li>\r\n<li>Schnell: PayPal-Zahlungen treffen schnell ein. Dann kann der Verk\u00e4ufer die Ware sofort verschicken und Sie erhalten sie in der Regel fr\u00fcher.<\/li>\r\n<\/ul>\r\n<p>Anmelden und PayPal sofort nutzen:<\/p>\r\n<ul>\r\n<li>Er\u00f6ffnen Sie ein <a title=\"PayPal Anmeldung\" href=\"http:\/\/www.paypal.de\/anmeldung\" target=\"_blank\" rel=\"nofollow noopener noreferrer\">PayPal-Konto<\/a>.<\/li>\r\n<li>Verkn\u00fcpfen Sie Ihr Bankkonto oder Ihre Kreditkarte mit Ihrem PayPal-Konto.<\/li>\r\n<li>Und schon k\u00f6nnen Sie mit PayPal bezahlen.<\/li>\r\n<\/ul>\r\n<p><strong><br \/>Rechnung <\/strong>&#8211; Jetzt einkaufen &#8211; nach Erhalt der Ware zahlen!<\/p>\r\n<p>Aktuell bieten wir Zahlung auf Rechnung nur f\u00fcr registrierte Gewerbekunden an. Sie betreiben ein Gewerbe und wollen von unseren unsere POMP als Gewerbekunde bestellen? Sie k\u00f6nnen sich hier <a href=\"http:\/\/www.pomp-hocker.de\/gewerbe\/#registrieren\">als Gewerbekunde registrieren<\/a>.<\/p>\r\n<p><strong><br \/>Weitere Einzelheiten zur Zahlung<\/strong><\/p>\r\n<p>Wir behalten uns das Recht vor, im Einzelfall die Lieferung nur gegen Vorkasse per \u00dcberweisung auszuf\u00fchren. Der Rechnungsbetrag ist bei Zahlung auf Rechnung innerhalb von 14 Tagen auszugleichen.<\/p>\r\n<p>Bei Zahlung per Kreditkarte (mit PayPal) erfolgt die Belastung Ihres Kreditkartenkontos mit Vertragsschluss.<\/p>\r\n<p><strong>Unsere Bankverbindung<\/strong><\/p>\r\n<p>Kontoinhaber: Ruhe &amp; Raum GmbH<br \/>Kontonummer: 282699016<br \/>BLZ: 55190000<br \/>Kreditinstitut: Mainzer-Volksbank<br \/>SWIFT: MVBMDE55<br \/>IBAN: DE07551900000282699016<\/p>\r\n\r\n","protected":false},"excerpt":{"rendered":"<p>Zahlungsarten Wir akzeptieren Vorkasse, PayPal, Sofort bezahlen, Rechnung (aktuell nur f\u00fcr registrierte Gewerbekunden) innerhalb Deutschland. Sofort bezahlen &#8211; Einfach sicher zahlenMit dem T\u00dcV-zertifiziertem Bezahlsystem Sofort. k\u00f6nnen Sie dank PIN &amp; TAN, ohne Registrierung, einfach und sicher mit Ihren gewohnten Online-Banking-Daten zahlen. Einfach Kinderleichtes Handling &#8211; ohne Registrierung Schneller &#8211; sofortiger Versand bei Lagerware Sicher Zahlung [&#8230;]\n","protected":false},"author":1,"featured_media":0,"parent":0,"menu_order":0,"comment_status":"closed","ping_status":"closed","template":"","meta":{"footnotes":""},"_links":{"self":[{"href":"https:\/\/www.pomp-hocker.de\/en\/wp-json\/wp\/v2\/pages\/6772"}],"collection":[{"href":"https:\/\/www.pomp-hocker.de\/en\/wp-json\/wp\/v2\/pages"}],"about":[{"href":"https:\/\/www.pomp-hocker.de\/en\/wp-json\/wp\/v2\/types\/page"}],"author":[{"embeddable":true,"href":"https:\/\/www.pomp-hocker.de\/en\/wp-json\/wp\/v2\/users\/1"}],"replies":[{"embeddable":true,"href":"https:\/\/www.pomp-hocker.de\/en\/wp-json\/wp\/v2\/comments?post=6772"}],"version-history":[{"count":3,"href":"https:\/\/www.pomp-hocker.de\/en\/wp-json\/wp\/v2\/pages\/6772\/revisions"}],"predecessor-version":[{"id":6777,"href":"https:\/\/www.pomp-hocker.de\/en\/wp-json\/wp\/v2\/pages\/6772\/revisions\/6777"}],"wp:attachment":[{"href":"https:\/\/www.pomp-hocker.de\/en\/wp-json\/wp\/v2\/media?parent=6772"}],"curies":[{"name":"wp","href":"https:\/\/api.w.org\/{rel}","templated":true}]}}