{"id":6774,"date":"2020-02-13T19:58:56","date_gmt":"2020-02-13T18:58:56","guid":{"rendered":"https:\/\/www.pomp-hocker.de\/shipping-options\/"},"modified":"2020-02-13T19:58:56","modified_gmt":"2020-02-13T18:58:56","slug":"shipping-options","status":"publish","type":"page","link":"https:\/\/www.pomp-hocker.de\/en\/shipping-options\/","title":{"rendered":"Shipping"},"content":{"rendered":"<h1>Versand und Abholung<\/h1>\r\n<p>Alle Preise werden inklusive der gesetzlichen Mehrwertsteuer ausgewiesen.<\/p>\r\n<p><strong>Abholung<\/strong><br \/>Alle lagernden Artikel k\u00f6nnen nach Vorbestellung in unserem Lager in Monzingen abgeholt werden.<\/p>\r\n<p><strong>Allgemeine Versandinformationen<\/strong><br \/>Sie erhalten automatisiert eine eMail mit Versandinformationen (z.B. Paketnummer, Versanddatum, etc.), sobald Ihre Bestellung unser Lager verlassen hat. Den Status Ihrer Sendung k\u00f6nnen Sie nach ca. 18 &#8211; 36 Stunden jederzeit kostenlos beim jeweiligen Frachtf\u00fchrer \u00fcber den versendeten Link online abfragen.<\/p>\r\n<p><strong>Versandkosten<\/strong><\/p>\r\n<p><strong>Deutschland<\/strong><br \/>Ab einem Bestellwert von 50,00 \u20ac liefern wir versandkostenfrei.<\/p>\r\n<table border=\"0\" width=\"270\" cellspacing=\"2\" cellpadding=\"2\">\r\n<tbody>\r\n<tr>\r\n<td rowspan=\"2\" width=\"170\"><strong>Bezahlarten<\/strong><\/td>\r\n<td colspan=\"1\" align=\"center\"><strong>Versandtypen<\/strong><\/td>\r\n<\/tr>\r\n<tr>\r\n<td align=\"center\">Versichertes Paket<\/td>\r\n<\/tr>\r\n<tr>\r\n<td width=\"150\">Sofort bezahlen.<\/td>\r\n<td align=\"right\">6,90 EUR<\/td>\r\n<\/tr>\r\n<tr>\r\n<td width=\"150\">PayPal<\/td>\r\n<td align=\"right\">6,90 EUR<\/td>\r\n<\/tr>\r\n<tr>\r\n<td width=\"150\">Rechnung<\/td>\r\n<td align=\"right\">6,90 EUR<\/td>\r\n<\/tr>\r\n<tr>\r\n<td width=\"150\">Vorkasse<\/td>\r\n<td align=\"right\">6,90 EUR<\/td>\r\n<\/tr>\r\n<\/tbody>\r\n<\/table>\r\n<p><strong>\u00d6sterreich<\/strong><br \/>Ab einem Bestellwert von 400,00 \u20ac liefern wir versandkostenfrei.<\/p>\r\n<table border=\"0\" width=\"270\" cellspacing=\"2\" cellpadding=\"2\">\r\n<tbody>\r\n<tr>\r\n<td rowspan=\"2\" width=\"170\"><strong>Bezahlarten<\/strong><\/td>\r\n<td colspan=\"1\" align=\"center\"><strong>Versandtypen<\/strong><\/td>\r\n<\/tr>\r\n<tr>\r\n<td align=\"center\">Versichertes Paket<\/td>\r\n<\/tr>\r\n<tr>\r\n<td width=\"150\">Sofort bezahlen.<\/td>\r\n<td align=\"right\">24,90 EUR<\/td>\r\n<\/tr>\r\n<tr>\r\n<td width=\"150\">PayPal<\/td>\r\n<td align=\"right\">24,90 EUR<\/td>\r\n<\/tr>\r\n<tr>\r\n<td width=\"150\">Rechnung<\/td>\r\n<td align=\"right\">24,90 EUR<\/td>\r\n<\/tr>\r\n<tr>\r\n<td width=\"150\">Vorkasse<\/td>\r\n<td align=\"right\">24,90 EUR<\/td>\r\n<\/tr>\r\n<\/tbody>\r\n<\/table>\r\n<h2>Lieferfristen<\/h2>\r\n<p>Soweit in der Artikelbeschreibung keine andere Frist angegeben ist, erfolgt die Lieferung der Ware in Deutschland innerhalb von 1 &#8211; 3 Tagen, bei Auslandslieferungen innerhalb von 5 &#8211; 7 Tagen nach Auftragsbest\u00e4tigung (bei vereinbarter Vorauszahlung nach Zahlungseingang). Beachten Sie, dass an Sonn- und Feiertagen keine Zustellung erfolgt.<\/p>\r\n<p>Bei Selbstabholung informieren wir Sie per Email \u00fcber die Bereitstellung der Ware und die Abholm\u00f6glichkeiten. In diesem Fall werden keine Versandkosten berechnet.<\/p>\r\n\r\n","protected":false},"excerpt":{"rendered":"<p>Versand und Abholung Alle Preise werden inklusive der gesetzlichen Mehrwertsteuer ausgewiesen. AbholungAlle lagernden Artikel k\u00f6nnen nach Vorbestellung in unserem Lager in Monzingen abgeholt werden. Allgemeine VersandinformationenSie erhalten automatisiert eine eMail mit Versandinformationen (z.B. Paketnummer, Versanddatum, etc.), sobald Ihre Bestellung unser Lager verlassen hat. Den Status Ihrer Sendung k\u00f6nnen Sie nach ca. 18 &#8211; 36 Stunden [&#8230;]\n","protected":false},"author":1,"featured_media":0,"parent":0,"menu_order":0,"comment_status":"closed","ping_status":"closed","template":"","meta":{"footnotes":""},"_links":{"self":[{"href":"https:\/\/www.pomp-hocker.de\/en\/wp-json\/wp\/v2\/pages\/6774"}],"collection":[{"href":"https:\/\/www.pomp-hocker.de\/en\/wp-json\/wp\/v2\/pages"}],"about":[{"href":"https:\/\/www.pomp-hocker.de\/en\/wp-json\/wp\/v2\/types\/page"}],"author":[{"embeddable":true,"href":"https:\/\/www.pomp-hocker.de\/en\/wp-json\/wp\/v2\/users\/1"}],"replies":[{"embeddable":true,"href":"https:\/\/www.pomp-hocker.de\/en\/wp-json\/wp\/v2\/comments?post=6774"}],"version-history":[{"count":1,"href":"https:\/\/www.pomp-hocker.de\/en\/wp-json\/wp\/v2\/pages\/6774\/revisions"}],"predecessor-version":[{"id":6775,"href":"https:\/\/www.pomp-hocker.de\/en\/wp-json\/wp\/v2\/pages\/6774\/revisions\/6775"}],"wp:attachment":[{"href":"https:\/\/www.pomp-hocker.de\/en\/wp-json\/wp\/v2\/media?parent=6774"}],"curies":[{"name":"wp","href":"https:\/\/api.w.org\/{rel}","templated":true}]}}