{"id":6778,"date":"2020-02-13T19:59:39","date_gmt":"2020-02-13T18:59:39","guid":{"rendered":"https:\/\/www.pomp-hocker.de\/imprint\/"},"modified":"2020-02-13T19:59:39","modified_gmt":"2020-02-13T18:59:39","slug":"imprint","status":"publish","type":"page","link":"https:\/\/www.pomp-hocker.de\/en\/imprint\/","title":{"rendered":"Imprint"},"content":{"rendered":"<p>POMP Hocker ist ein Projekt der Ruhe &amp; Raum GmbH<\/p>\r\n<p>Ruhe &amp; Raum GmbH<br \/>Rheinstra\u00dfe 189-191<br \/>55424 M\u00fcnster-Sarmsheim<\/p>\r\n<p>Telefon: +49 6721 99600<br \/>Fax: +49 6721 996040<br \/>Web: www.pomp-hocker.de<br \/>E-Mail: service@pomp-hocker.de<\/p>\r\n<p>Gesch\u00e4ftsf\u00fchrer \/ Vorstand: C.Hippel, W, Hubor, W. Hubor<br \/>Zust\u00e4ndiges Gericht: Amtsgericht Bingen<br \/>HRB Nummer: 2441<\/p>\r\n<p>Kontoinhaber: Ruhe &amp; Raum GmbH<br \/>Kontonummer: 282699016<br \/>BLZ: 55190000<br \/>Kreditinstitut: Mainzer-Volksbank<br \/>SWIFT: MVBMDE55<br \/>IBAN: DE07551900000282699016<\/p>\r\n<p> <\/p>\r\n<p>Sie erreichen unseren Kundendienst f\u00fcr Fragen Reklamationen und Beanstandungen unter Telefon: +49 6721 99600 sowie per Email unter service@pomp-hocker.de. F\u00fcr Anfragen k\u00f6nnen Sie auch das Kontaktformular auf unserer Internetseite nutzen.<\/p>\r\n\r\n","protected":false},"excerpt":{"rendered":"<p>POMP Hocker ist ein Projekt der Ruhe &amp; Raum GmbH Ruhe &amp; Raum GmbHRheinstra\u00dfe 189-19155424 M\u00fcnster-Sarmsheim Telefon: +49 6721 99600Fax: +49 6721 996040Web: www.pomp-hocker.deE-Mail: service@pomp-hocker.de Gesch\u00e4ftsf\u00fchrer \/ Vorstand: C.Hippel, W, Hubor, W. HuborZust\u00e4ndiges Gericht: Amtsgericht BingenHRB Nummer: 2441 Kontoinhaber: Ruhe &amp; Raum GmbHKontonummer: 282699016BLZ: 55190000Kreditinstitut: Mainzer-VolksbankSWIFT: MVBMDE55IBAN: DE07551900000282699016 Sie erreichen unseren Kundendienst f\u00fcr Fragen Reklamationen [&#8230;]\n","protected":false},"author":1,"featured_media":0,"parent":0,"menu_order":0,"comment_status":"closed","ping_status":"closed","template":"","meta":{"footnotes":""},"_links":{"self":[{"href":"https:\/\/www.pomp-hocker.de\/en\/wp-json\/wp\/v2\/pages\/6778"}],"collection":[{"href":"https:\/\/www.pomp-hocker.de\/en\/wp-json\/wp\/v2\/pages"}],"about":[{"href":"https:\/\/www.pomp-hocker.de\/en\/wp-json\/wp\/v2\/types\/page"}],"author":[{"embeddable":true,"href":"https:\/\/www.pomp-hocker.de\/en\/wp-json\/wp\/v2\/users\/1"}],"replies":[{"embeddable":true,"href":"https:\/\/www.pomp-hocker.de\/en\/wp-json\/wp\/v2\/comments?post=6778"}],"version-history":[{"count":1,"href":"https:\/\/www.pomp-hocker.de\/en\/wp-json\/wp\/v2\/pages\/6778\/revisions"}],"predecessor-version":[{"id":6779,"href":"https:\/\/www.pomp-hocker.de\/en\/wp-json\/wp\/v2\/pages\/6778\/revisions\/6779"}],"wp:attachment":[{"href":"https:\/\/www.pomp-hocker.de\/en\/wp-json\/wp\/v2\/media?parent=6778"}],"curies":[{"name":"wp","href":"https:\/\/api.w.org\/{rel}","templated":true}]}}