{"id":6780,"date":"2020-02-13T20:00:20","date_gmt":"2020-02-13T19:00:20","guid":{"rendered":"https:\/\/www.pomp-hocker.de\/terms-of-service\/"},"modified":"2020-02-13T20:00:20","modified_gmt":"2020-02-13T19:00:20","slug":"terms-of-service","status":"publish","type":"page","link":"https:\/\/www.pomp-hocker.de\/en\/terms-of-service\/","title":{"rendered":"Terms of Service"},"content":{"rendered":"<h1>Allgemeine Gesch\u00e4ftsbedingungen<\/h1>\r\n<p><strong>Allgemeines<\/strong><br \/>Bestellungen von Verbrauchern und Unternehmern liegen diese Allgemeinen Gesch\u00e4ftsbedingungen zugrunde: Vertragspartner ist die RUHE &amp; RAUM GmbH, Rheinstr.189-191, 55424 M\u00fcnster-Sarmsheim.<\/p>\r\n<p><strong>Preise, Zahlungsart<\/strong><br \/>Alle angegebenen Preise verstehen sich inklusive der gesetzlich vorgeschriebenen Mehrwertsteuer. Alle Angebote sind freibleibend. Die Bezahlung kann, per Vorkasse (\u00dcberweisung, Paypal, Kreditkarte) erfolgen.<\/p>\r\n<p><strong>Versand<\/strong><br \/>Der Versand erfolgt mit UPS, DPD oder per Spedition. Die Paketdienste und Speditionen liefern bis hinter die Wohnungst\u00fcr, die Spedition bis hinter die erste ebenerdige verschlie\u00dfbare T\u00fcr (z.B. nicht in den Keller, auf den Dachboden oder in sonstige R\u00e4ume). Die Versandkosten werden Ihnen im Rahmen der Auftragsbest\u00e4tigung mitgeteilt. Ihnen entstehen keinerlei versteckte Kosten.<\/p>\r\n<p><strong>Angebote<\/strong><br \/>Alle Angebote sind freibleibend, da Lieferengp\u00e4sse seitens der Hersteller leider nicht immer ausgeschlossen werden k\u00f6nnen.<\/p>\r\n<p><strong>Widerrufsrecht, Umtausch<\/strong><br \/>Nach dem Fernabsatzgesetz haben Sie als Endverbraucher binnen 14 Tagen nach Erhalt der Ware die M\u00f6glichkeit, Ihre Bestellung zu widerrufen. Der Widerruf muss keine Begr\u00fcndung enthalten und hat schriftlich auf einem dauerhaften Datentr\u00e4ger oder durch R\u00fccksendung der bestellten, unbenutzten und verpackten Artikel zu erfolgen. Zur Fristwahrung gen\u00fcgt die rechtzeitige Absendung des Widerrufs an:<\/p>\r\n<p>RUHE &amp; RAUM GmbH<br \/>Rheinstr.189-191<br \/>55424 M\u00fcnster-Sarmsheim<\/p>\r\n<p>Nach Eingang der Ware erhalten Sie nach R\u00fccksprache einen anderen Artikel, oder es werden Ihnen bereits geleistete Kaufpreiszahlungen zur\u00fcckerstattet. Der Kunde tr\u00e4gt die Kosten f\u00fcr die R\u00fccksendung solange ein Warenwert von 40 EUR nicht \u00fcberschritten wird. Im Falle einer wirksamen R\u00fcckgabe sind die beiderseits empfangenen Leistungen zur\u00fcckzugew\u00e4hren und gegebenenfalls gezogene Nutzungen (z.B. Gebrauchsvorteile) herauszugeben. Bei einer Verschlechterung der Ware kann Wertersatz verlangt werden. Dies gilt nicht, wenn die Verschlechterung der Ware ausschlie\u00dflich auf deren Pr\u00fcfung zur\u00fcckzuf\u00fchren ist.<\/p>\r\n<p><strong>Gew\u00e4hrleistung, Garantie<\/strong><br \/>Sofern beim jeweiligen Artikel nichts anderes angegeben ist, gilt die gesetzliche Gew\u00e4hrleistungsfrist von 1 Jahr f\u00fcr M\u00e4ngel, die auf Material- oder Fabrikationsfehler zur\u00fcckzuf\u00fchren sind. Diese Gew\u00e4hrleistung ist g\u00fcltig, solange die Ware sachgem\u00e4\u00df behandelt und nur f\u00fcr den angegebenen Einsatzbereich und -zweck genutzt wird. Transportsch\u00e4den sind bei Warenerhalt sofort dem Spediteur anzuzeigen. Verdeckte Transportsch\u00e4den sind RUHE &amp; RAUM innerhalb von 3 Werktagen schriftlich zu melden.<\/p>\r\n<p><strong>\u00c4nderungen<\/strong><br \/>Technische \u00c4nderungen, insbesondere bauart- oder konstruktionsbedingte Verbesserungen, sind vorbehalten. Diese dienen stets dem Fortschritt.<\/p>\r\n<p><strong>Teilunwirksamkeit<\/strong><br \/>Bei Unwirksamkeit einzelner Bestimmungen des Liefervertrages oder dieser Allgemeinen Gesch\u00e4ftsbedingungen bleiben die \u00fcbrigen Bestimmungen weiterhin wirksam. Die Parteien ersetzen unwirksame Bestimmungen durch solche wirksamen Bestimmungen, die dem Willen der Parteien am n\u00e4chsten kommen.<\/p>\r\n<p><strong>Anzuwendendes Recht und Eigentumsvorbehalt<\/strong><br \/>Auf die mit der RUHE &amp; RAUM GmbH geschlossenen Kaufvertr\u00e4ge findet das deutsche Recht unter Ausschluss des UN-Kaufrechts Anwendung. Die gelieferte Ware bleibt bis zur vollst\u00e4ndigen Bezahlung Eigentum der RUHE &amp; RAUM GmbH.<\/p>\r\n<p> <\/p>\r\n<p>Stand: 12-2019<\/p>\r\n\r\n","protected":false},"excerpt":{"rendered":"<p>Allgemeine Gesch\u00e4ftsbedingungen AllgemeinesBestellungen von Verbrauchern und Unternehmern liegen diese Allgemeinen Gesch\u00e4ftsbedingungen zugrunde: Vertragspartner ist die RUHE &amp; RAUM GmbH, Rheinstr.189-191, 55424 M\u00fcnster-Sarmsheim. Preise, ZahlungsartAlle angegebenen Preise verstehen sich inklusive der gesetzlich vorgeschriebenen Mehrwertsteuer. Alle Angebote sind freibleibend. Die Bezahlung kann, per Vorkasse (\u00dcberweisung, Paypal, Kreditkarte) erfolgen. VersandDer Versand erfolgt mit UPS, DPD oder per Spedition. [&#8230;]\n","protected":false},"author":1,"featured_media":0,"parent":0,"menu_order":0,"comment_status":"closed","ping_status":"closed","template":"","meta":{"footnotes":""},"_links":{"self":[{"href":"https:\/\/www.pomp-hocker.de\/en\/wp-json\/wp\/v2\/pages\/6780"}],"collection":[{"href":"https:\/\/www.pomp-hocker.de\/en\/wp-json\/wp\/v2\/pages"}],"about":[{"href":"https:\/\/www.pomp-hocker.de\/en\/wp-json\/wp\/v2\/types\/page"}],"author":[{"embeddable":true,"href":"https:\/\/www.pomp-hocker.de\/en\/wp-json\/wp\/v2\/users\/1"}],"replies":[{"embeddable":true,"href":"https:\/\/www.pomp-hocker.de\/en\/wp-json\/wp\/v2\/comments?post=6780"}],"version-history":[{"count":1,"href":"https:\/\/www.pomp-hocker.de\/en\/wp-json\/wp\/v2\/pages\/6780\/revisions"}],"predecessor-version":[{"id":6781,"href":"https:\/\/www.pomp-hocker.de\/en\/wp-json\/wp\/v2\/pages\/6780\/revisions\/6781"}],"wp:attachment":[{"href":"https:\/\/www.pomp-hocker.de\/en\/wp-json\/wp\/v2\/media?parent=6780"}],"curies":[{"name":"wp","href":"https:\/\/api.w.org\/{rel}","templated":true}]}}